{"id":2,"date":"2023-01-23T23:27:52","date_gmt":"2023-01-24T05:27:52","guid":{"rendered":"https:\/\/darwinlab.mx\/?page_id=2"},"modified":"2023-04-07T15:16:47","modified_gmt":"2023-04-07T21:16:47","slug":"principio","status":"publish","type":"page","link":"https:\/\/darwinlab.mx\/?page_id=2","title":{"rendered":"Historia"},"content":{"rendered":"\n<p class=\"has-text-align-center has-background has-medium-font-size\" style=\"background-color:#878787ba\"><strong>Sistem\u00e1tica Filogen\u00e9tica y Biogeograf\u00eda Evolutiva, Darwin-SiFiBE<\/strong><\/p>\n\n\n\n<p class=\"has-black-color has-cyan-bluish-gray-background-color has-text-color has-background\">El Laboratorio se funda en el 2006 gracias a un proyecto sobre la Certificaci\u00f3n Molecular de Cact\u00e1ceas Mexicanas Amenazadas financiado por la <a href=\"https:\/\/www.darwininitiative.org.uk\/\"><strong><em>Iniciativa Darwin<\/em><\/strong><\/a> del gobierno de la Gran Breta\u00f1a. En ese proyecto se logr\u00f3 generar conocimiento de avanzada y un mecanismo concreto para la identificaci\u00f3n molecular de la procedencia geogr\u00e1fica de las especies amenazadas.&nbsp;El Laboratorio continu\u00f3 con sus labores despu\u00e9s de concluido el proyecto y actualmente se incrementan y actualizan constantemente las l\u00edneas de investigaci\u00f3n. En agradecimiento justo no s\u00f3lo a la <a href=\"https:\/\/www.darwininitiative.org.uk\/\"><strong><em>Iniciativa Darwin<\/em><\/strong><\/a> pero tambi\u00e9n como un tributo y reconocimiento a la figura y legado de Charles R. Darwin y sus antecesores, quienes permitieron explicar la evoluci\u00f3n org\u00e1nica racionalmente y fuera del terreno de lo sobrenatural, el Laboratorio mantiene el nombre de Darwin.<\/p>\n\n\n\n<h1 class=\"wp-block-heading has-text-align-center has-large-font-size\">Manifiesto<\/h1>\n\n\n\n<p class=\"has-black-color has-cyan-bluish-gray-background-color has-text-color has-background\">El Laboratorio y sus integrantes se caracterizan por ser entusiastas en el desarrollo de sus actividades guardando de manera absoluta y sin restricciones el debido respeto a las personas, sus ideas y sus actividades. El Laboratorio manifiesta que no s\u00f3lo son bienvenidas las formas diferentes de pensar y hacer las cosas, sino tambi\u00e9n reconoce que son la \u00fanica manera en la que los viejos y desarticulados paradigmas son desechados y los nuevos adoptados. Mantenemos programas multidisciplinarios en los que se intercambian ideas, m\u00e9todos y resultados para generar conclusiones y discusiones s\u00f3lidas y constructivas.<\/p>\n\n\n\n<h2 class=\"wp-block-heading has-text-align-center has-medium-font-size\"><strong>Todos somos apom\u00f3rficos ante los ojos de la evoluci\u00f3n<\/strong><\/h2>\n\n\n\n<p class=\"has-text-align-left has-black-color has-cyan-bluish-gray-background-color has-text-color has-background\">Nos desarrollamos bajo los premisas de igualdad, no discriminaci\u00f3n por raza, g\u00e9nero, preferencias sexuales, capacidades f\u00edsicas e intelectuales diferentes, preferencias partidistas, ni ninguna otra manera de discriminaci\u00f3n real o potencial de cualquier \u00edndole. La \u00fanica manera de intolerancia en el Laboratorio es a la intolerancia misma.<\/p>\n\n\n\n<p class=\"has-text-align-center has-white-color has-black-background-color has-text-color has-background\"><strong>Algunos de los valores del Laboratorio Darwin<\/strong>-SiFiBE<\/p>\n\n\n\n<figure class=\"wp-block-gallery has-nested-images columns-default is-cropped wp-block-gallery-1 is-layout-flex wp-block-gallery-is-layout-flex\">\n<figure class=\"wp-block-image size-large\"><img loading=\"lazy\" decoding=\"async\" width=\"1024\" height=\"188\" data-id=\"87\" src=\"https:\/\/darwinlab.mx\/wp-content\/uploads\/2023\/01\/blm_peace_trans_listen_et_al_banner-1-1024x188.jpg\" alt=\"\" class=\"wp-image-87\" srcset=\"https:\/\/darwinlab.mx\/wp-content\/uploads\/2023\/01\/blm_peace_trans_listen_et_al_banner-1-1024x188.jpg 1024w, https:\/\/darwinlab.mx\/wp-content\/uploads\/2023\/01\/blm_peace_trans_listen_et_al_banner-1-300x55.jpg 300w, https:\/\/darwinlab.mx\/wp-content\/uploads\/2023\/01\/blm_peace_trans_listen_et_al_banner-1-768x141.jpg 768w, https:\/\/darwinlab.mx\/wp-content\/uploads\/2023\/01\/blm_peace_trans_listen_et_al_banner-1.jpg 1405w\" sizes=\"auto, (max-width: 1024px) 100vw, 1024px\" \/><\/figure>\n<\/figure>\n","protected":false},"excerpt":{"rendered":"<p>Sistem\u00e1tica Filogen\u00e9tica y Biogeograf\u00eda Evolutiva, Darwin-SiFiBE El Laboratorio se funda en el 2006 gracias a un proyecto sobre la Certificaci\u00f3n Molecular de Cact\u00e1ceas Mexicanas Amenazadas financiado por la Iniciativa Darwin del gobierno de la Gran Breta\u00f1a. En ese proyecto se logr\u00f3 generar conocimiento de avanzada y un mecanismo concreto para la identificaci\u00f3n molecular de la<\/p>\n<p class=\"more-link\"><a href=\"https:\/\/darwinlab.mx\/?page_id=2\" class=\"themebutton\">Read More<\/a><\/p>\n","protected":false},"author":1,"featured_media":0,"parent":0,"menu_order":0,"comment_status":"closed","ping_status":"closed","template":"","meta":{"footnotes":""},"class_list":["post-2","page","type-page","status-publish","hentry"],"_links":{"self":[{"href":"https:\/\/darwinlab.mx\/index.php?rest_route=\/wp\/v2\/pages\/2","targetHints":{"allow":["GET"]}}],"collection":[{"href":"https:\/\/darwinlab.mx\/index.php?rest_route=\/wp\/v2\/pages"}],"about":[{"href":"https:\/\/darwinlab.mx\/index.php?rest_route=\/wp\/v2\/types\/page"}],"author":[{"embeddable":true,"href":"https:\/\/darwinlab.mx\/index.php?rest_route=\/wp\/v2\/users\/1"}],"replies":[{"embeddable":true,"href":"https:\/\/darwinlab.mx\/index.php?rest_route=%2Fwp%2Fv2%2Fcomments&post=2"}],"version-history":[{"count":22,"href":"https:\/\/darwinlab.mx\/index.php?rest_route=\/wp\/v2\/pages\/2\/revisions"}],"predecessor-version":[{"id":317,"href":"https:\/\/darwinlab.mx\/index.php?rest_route=\/wp\/v2\/pages\/2\/revisions\/317"}],"wp:attachment":[{"href":"https:\/\/darwinlab.mx\/index.php?rest_route=%2Fwp%2Fv2%2Fmedia&parent=2"}],"curies":[{"name":"wp","href":"https:\/\/api.w.org\/{rel}","templated":true}]}}